{"id":124,"date":"2013-03-05T10:40:12","date_gmt":"2013-03-05T10:40:12","guid":{"rendered":"http:\/\/3clicks.bringthepixel.com\/?page_id=124"},"modified":"2014-04-16T17:52:46","modified_gmt":"2014-04-16T17:52:46","slug":"home","status":"publish","type":"page","link":"https:\/\/www.impactointeligente.com.mx\/","title":{"rendered":"Principal"},"content":{"rendered":"<style type=\"text\/css\" scoped=\"scoped\">#g1-section-1.g1-section {background-color: #f7f7f7; background-repeat:repeat; background-position:center top; background-attachment:static; border-width:1px 0; padding-bottom:0px;}<\/style><div id=\"g1-section-1\" class=\"g1-section \"><div class=\"g1-layout-inner\">\n<h2 class=\"g1-h1\" style=\"text-align: center;\"><a href=\"#\">IMPACTO INTELIGENTE<\/a><\/h2>\n<div><\/div>\n<h3 style=\"text-align: center;\">Estamos comprometidos con el desarrollo del potencial de las personas de manera integral para conseguir as\u00ed el logro de los objetivos institucionales.<\/h3>\n<div><\/div>\n<p><img class=\"aligncenter\" alt=\"\" src=\"http:\/\/www.impactointeligente.com.mx\/wp-content\/uploads\/2014\/04\/group1.png\"><\/p>\n<\/div><\/div>\n<style type=\"text\/css\" scoped=\"scoped\">#g1-section-2.g1-section {background-repeat:repeat; background-position:center top; background-attachment:static;}<\/style><div id=\"g1-section-2\" class=\"g1-section \"><div class=\"g1-layout-inner\">\n<ul class=\"g1-grid\"><li class=\"g1-column g1-one-third g1-valign-top\">\n<h2>Lo que podemos ofrecer como consultor\u00eda en recursos humanos es:<\/h2>\n\n<ul id=\"g1-list-1\" class=\"g1-list--icon g1-list--simple \">\n<li><i class=\"icon-chevron-right g1-list__icon\"><\/i>Desarrollo e implementaci\u00f3n de Modelos para el Cambio en la organizaci\u00f3n (Change Leadership)<\/li>\n<li><i class=\"icon-chevron-right g1-list__icon\"><\/i>Evaluaci\u00f3n 360\u00b0 de la competencia de Liderazgo<\/li>\n<li><i class=\"icon-chevron-right g1-list__icon\"><\/i>Evaluaci\u00f3n 360\u00ba por competencias<\/li>\n<li><i class=\"icon-chevron-right g1-list__icon\"><\/i>Estrategia de servicio.<\/li>\n<li><i class=\"icon-chevron-right g1-list__icon\"><\/i>Modelos de liderazgo<\/li>\n<li><i class=\"icon-chevron-right g1-list__icon\"><\/i>Selecci\u00f3n en base a competencias.<\/li>\n<\/ul>\n\n<\/li><!-- -->\n<li class=\"g1-column g1-one-third g1-valign-top\">\n\n<ul id=\"g1-list-2\" class=\"g1-list--icon g1-list--simple \">\n<li><i class=\"icon-chevron-right g1-list__icon\"><\/i>Coaching d\u00eda a d\u00eda.<\/li>\n<li><i class=\"icon-chevron-right g1-list__icon\"><\/i>Evaluaci\u00f3n de Clima Organizacional<\/li>\n<li><i class=\"icon-chevron-right g1-list__icon\"><\/i>Estrategias de calidad<\/li>\n<li><i class=\"icon-chevron-right g1-list__icon\"><\/i>Elaboraci\u00f3n de manuales y procedimientos<\/li>\n<li><i class=\"icon-chevron-right g1-list__icon\"><\/i>Implementaci\u00f3n de un modelo de relaciones laborales.<\/li>\n<li><i class=\"icon-chevron-right g1-list__icon\"><\/i>Revisi\u00f3n y preparaci\u00f3n para auditorias y\/o certificaciones de ISO 9000 (servicio y manufactura)<\/li>\n<\/ul>\n\n<\/li><!-- -->\n<li class=\"g1-column g1-one-third g1-valign-top\">\n\n<ul id=\"g1-list-3\" class=\"g1-list--icon g1-list--simple \">\n<li><i class=\"icon-chevron-right g1-list__icon\"><\/i>Estrategias de cambio organizacional<\/li>\n<li><i class=\"icon-chevron-right g1-list__icon\"><\/i>Evaluaci\u00f3n a nivel directivo y gerencia 360\u00ba<\/li>\n<li><i class=\"icon-chevron-right g1-list__icon\"><\/i>Estrategias de orientaci\u00f3n al cliente y de calidad en el servicio<\/li>\n<li><i class=\"icon-chevron-right g1-list__icon\"><\/i>Sistemas de desarrollo permanente de innovaciones<\/li>\n<li><i class=\"icon-chevron-right g1-list__icon\"><\/i>Asesor\u00eda para la declaraci\u00f3n o revisi\u00f3n de Visi\u00f3n, Misi\u00f3n y Valores<\/li>\n<li><i class=\"icon-chevron-right g1-list__icon\"><\/i>Dise\u00f1o y conducci\u00f3n de talleres, cursos y conferencias personalizadas para mejorar el proceso en los grupos de trabajos<\/li>\n<\/ul>\n\n<\/li><!-- --><\/ul>\n<\/div><\/div>\n<style type=\"text\/css\" scoped=\"scoped\">#g1-section-3.g1-section {background-repeat:repeat; background-position:center top; background-attachment:static;}<\/style><div id=\"g1-section-3\" class=\"g1-section \"><div class=\"g1-layout-inner\">\n<div id=\"g1-divider-1\" class=\"g1-divider g1-divider--none g1-divider--noicon \"><\/div>\n<h2>Dentro de los clientes con lo que Impacto Inteligente SC ha trabajado destacan:<\/h2>\n<div id=\"g1-html-rotator-counter-1\" class=\"g1-html-rotator  g1-autoplay\" data-g1-rotate-items=\"1\"><div class=\"g1-content\"><ul class=\"g1-carousel-items\">\n<li id=\"g1-carousel-item-counter-1\" class=\"g1-carousel-item \">\n<p><a href=\"http:\/\/www.impactointeligente.com.mx\/wp-content\/uploads\/2013\/03\/12.jpg\"><img loading=\"lazy\" class=\"alignright size-full wp-image-2502\" alt=\"1\" src=\"http:\/\/www.impactointeligente.com.mx\/wp-content\/uploads\/2013\/03\/12.jpg\" width=\"970\" height=\"150\" srcset=\"https:\/\/www.impactointeligente.com.mx\/wp-content\/uploads\/2013\/03\/12.jpg 970w, https:\/\/www.impactointeligente.com.mx\/wp-content\/uploads\/2013\/03\/12-300x46.jpg 300w, https:\/\/www.impactointeligente.com.mx\/wp-content\/uploads\/2013\/03\/12-968x149.jpg 968w, https:\/\/www.impactointeligente.com.mx\/wp-content\/uploads\/2013\/03\/12-636x98.jpg 636w, https:\/\/www.impactointeligente.com.mx\/wp-content\/uploads\/2013\/03\/12-320x49.jpg 320w, https:\/\/www.impactointeligente.com.mx\/wp-content\/uploads\/2013\/03\/12-239x36.jpg 239w\" sizes=\"(max-width: 970px) 100vw, 970px\" \/><\/a><\/p>\n<\/li>\n<li id=\"g1-carousel-item-counter-2\" class=\"g1-carousel-item \">\n<p><a href=\"http:\/\/www.impactointeligente.com.mx\/wp-content\/uploads\/2013\/03\/22.jpg\"><img loading=\"lazy\" class=\"alignright size-full wp-image-2503\" alt=\"2\" src=\"http:\/\/www.impactointeligente.com.mx\/wp-content\/uploads\/2013\/03\/22.jpg\" width=\"970\" height=\"150\" srcset=\"https:\/\/www.impactointeligente.com.mx\/wp-content\/uploads\/2013\/03\/22.jpg 970w, https:\/\/www.impactointeligente.com.mx\/wp-content\/uploads\/2013\/03\/22-300x46.jpg 300w, https:\/\/www.impactointeligente.com.mx\/wp-content\/uploads\/2013\/03\/22-968x149.jpg 968w, https:\/\/www.impactointeligente.com.mx\/wp-content\/uploads\/2013\/03\/22-636x98.jpg 636w, https:\/\/www.impactointeligente.com.mx\/wp-content\/uploads\/2013\/03\/22-320x49.jpg 320w, https:\/\/www.impactointeligente.com.mx\/wp-content\/uploads\/2013\/03\/22-239x36.jpg 239w\" sizes=\"(max-width: 970px) 100vw, 970px\" \/><\/a><\/p>\n<\/li>\n<li id=\"g1-carousel-item-counter-3\" class=\"g1-carousel-item \">\n<p><a href=\"http:\/\/www.impactointeligente.com.mx\/wp-content\/uploads\/2013\/03\/31.jpg\"><img loading=\"lazy\" class=\"alignright size-full wp-image-2453\" alt=\"3\" src=\"http:\/\/www.impactointeligente.com.mx\/wp-content\/uploads\/2013\/03\/31.jpg\" width=\"970\" height=\"150\" srcset=\"https:\/\/www.impactointeligente.com.mx\/wp-content\/uploads\/2013\/03\/31.jpg 970w, https:\/\/www.impactointeligente.com.mx\/wp-content\/uploads\/2013\/03\/31-300x46.jpg 300w, https:\/\/www.impactointeligente.com.mx\/wp-content\/uploads\/2013\/03\/31-968x149.jpg 968w, https:\/\/www.impactointeligente.com.mx\/wp-content\/uploads\/2013\/03\/31-636x98.jpg 636w, https:\/\/www.impactointeligente.com.mx\/wp-content\/uploads\/2013\/03\/31-320x49.jpg 320w, https:\/\/www.impactointeligente.com.mx\/wp-content\/uploads\/2013\/03\/31-239x36.jpg 239w\" sizes=\"(max-width: 970px) 100vw, 970px\" \/><\/a><\/p>\n<\/li>\n<li id=\"g1-carousel-item-counter-4\" class=\"g1-carousel-item \">\n<p><a href=\"http:\/\/www.impactointeligente.com.mx\/wp-content\/uploads\/2013\/03\/42.jpg\"><img loading=\"lazy\" class=\"alignright size-full wp-image-2504\" alt=\"4\" src=\"http:\/\/www.impactointeligente.com.mx\/wp-content\/uploads\/2013\/03\/42.jpg\" width=\"970\" height=\"150\" srcset=\"https:\/\/www.impactointeligente.com.mx\/wp-content\/uploads\/2013\/03\/42.jpg 970w, https:\/\/www.impactointeligente.com.mx\/wp-content\/uploads\/2013\/03\/42-300x46.jpg 300w, https:\/\/www.impactointeligente.com.mx\/wp-content\/uploads\/2013\/03\/42-968x149.jpg 968w, https:\/\/www.impactointeligente.com.mx\/wp-content\/uploads\/2013\/03\/42-636x98.jpg 636w, https:\/\/www.impactointeligente.com.mx\/wp-content\/uploads\/2013\/03\/42-320x49.jpg 320w, https:\/\/www.impactointeligente.com.mx\/wp-content\/uploads\/2013\/03\/42-239x36.jpg 239w\" sizes=\"(max-width: 970px) 100vw, 970px\" \/><\/a><\/p>\n<\/li>\n<li id=\"g1-carousel-item-counter-5\" class=\"g1-carousel-item \">\n<p><a href=\"http:\/\/www.impactointeligente.com.mx\/wp-content\/uploads\/2013\/03\/51.jpg\"><img loading=\"lazy\" class=\"alignright size-full wp-image-2455\" alt=\"5\" src=\"http:\/\/www.impactointeligente.com.mx\/wp-content\/uploads\/2013\/03\/51.jpg\" width=\"970\" height=\"150\" srcset=\"https:\/\/www.impactointeligente.com.mx\/wp-content\/uploads\/2013\/03\/51.jpg 970w, https:\/\/www.impactointeligente.com.mx\/wp-content\/uploads\/2013\/03\/51-300x46.jpg 300w, https:\/\/www.impactointeligente.com.mx\/wp-content\/uploads\/2013\/03\/51-968x149.jpg 968w, https:\/\/www.impactointeligente.com.mx\/wp-content\/uploads\/2013\/03\/51-636x98.jpg 636w, https:\/\/www.impactointeligente.com.mx\/wp-content\/uploads\/2013\/03\/51-320x49.jpg 320w, https:\/\/www.impactointeligente.com.mx\/wp-content\/uploads\/2013\/03\/51-239x36.jpg 239w\" sizes=\"(max-width: 970px) 100vw, 970px\" \/><\/a><\/p>\n<\/li>\n<li id=\"g1-carousel-item-counter-6\" class=\"g1-carousel-item \">\n<p><a href=\"http:\/\/www.impactointeligente.com.mx\/wp-content\/uploads\/2013\/03\/61.jpg\"><img loading=\"lazy\" class=\"alignright size-full wp-image-2505\" alt=\"6\" src=\"http:\/\/www.impactointeligente.com.mx\/wp-content\/uploads\/2013\/03\/61.jpg\" width=\"970\" height=\"150\" srcset=\"https:\/\/www.impactointeligente.com.mx\/wp-content\/uploads\/2013\/03\/61.jpg 970w, https:\/\/www.impactointeligente.com.mx\/wp-content\/uploads\/2013\/03\/61-300x46.jpg 300w, https:\/\/www.impactointeligente.com.mx\/wp-content\/uploads\/2013\/03\/61-968x149.jpg 968w, https:\/\/www.impactointeligente.com.mx\/wp-content\/uploads\/2013\/03\/61-636x98.jpg 636w, https:\/\/www.impactointeligente.com.mx\/wp-content\/uploads\/2013\/03\/61-320x49.jpg 320w, https:\/\/www.impactointeligente.com.mx\/wp-content\/uploads\/2013\/03\/61-239x36.jpg 239w\" sizes=\"(max-width: 970px) 100vw, 970px\" \/><\/a><\/p>\n<\/li>\n<li id=\"g1-carousel-item-counter-7\" class=\"g1-carousel-item \">\n<p><a href=\"http:\/\/www.impactointeligente.com.mx\/wp-content\/uploads\/2013\/03\/7.jpg\"><img loading=\"lazy\" class=\"alignright size-full wp-image-2458\" alt=\"7\" src=\"http:\/\/www.impactointeligente.com.mx\/wp-content\/uploads\/2013\/03\/7.jpg\" width=\"970\" height=\"150\" srcset=\"https:\/\/www.impactointeligente.com.mx\/wp-content\/uploads\/2013\/03\/7.jpg 970w, https:\/\/www.impactointeligente.com.mx\/wp-content\/uploads\/2013\/03\/7-300x46.jpg 300w, https:\/\/www.impactointeligente.com.mx\/wp-content\/uploads\/2013\/03\/7-968x149.jpg 968w, https:\/\/www.impactointeligente.com.mx\/wp-content\/uploads\/2013\/03\/7-636x98.jpg 636w, https:\/\/www.impactointeligente.com.mx\/wp-content\/uploads\/2013\/03\/7-320x49.jpg 320w, https:\/\/www.impactointeligente.com.mx\/wp-content\/uploads\/2013\/03\/7-239x36.jpg 239w\" sizes=\"(max-width: 970px) 100vw, 970px\" \/><\/a><\/p>\n<\/li>\n<li id=\"g1-carousel-item-counter-8\" class=\"g1-carousel-item \">\n<p><a href=\"http:\/\/www.impactointeligente.com.mx\/wp-content\/uploads\/2013\/03\/8.jpg\"><img loading=\"lazy\" class=\"alignright size-full wp-image-2506\" alt=\"8\" src=\"http:\/\/www.impactointeligente.com.mx\/wp-content\/uploads\/2013\/03\/8.jpg\" width=\"970\" height=\"150\" srcset=\"https:\/\/www.impactointeligente.com.mx\/wp-content\/uploads\/2013\/03\/8.jpg 970w, https:\/\/www.impactointeligente.com.mx\/wp-content\/uploads\/2013\/03\/8-300x46.jpg 300w, https:\/\/www.impactointeligente.com.mx\/wp-content\/uploads\/2013\/03\/8-968x149.jpg 968w, https:\/\/www.impactointeligente.com.mx\/wp-content\/uploads\/2013\/03\/8-636x98.jpg 636w, https:\/\/www.impactointeligente.com.mx\/wp-content\/uploads\/2013\/03\/8-320x49.jpg 320w, https:\/\/www.impactointeligente.com.mx\/wp-content\/uploads\/2013\/03\/8-239x36.jpg 239w\" sizes=\"(max-width: 970px) 100vw, 970px\" \/><\/a><\/p>\n<\/li>\n<li id=\"g1-carousel-item-counter-9\" class=\"g1-carousel-item \">\n<p><a href=\"http:\/\/www.impactointeligente.com.mx\/wp-content\/uploads\/2013\/03\/9.jpg\"><img loading=\"lazy\" class=\"alignright size-full wp-image-2507\" alt=\"9\" src=\"http:\/\/www.impactointeligente.com.mx\/wp-content\/uploads\/2013\/03\/9.jpg\" width=\"970\" height=\"150\" srcset=\"https:\/\/www.impactointeligente.com.mx\/wp-content\/uploads\/2013\/03\/9.jpg 970w, https:\/\/www.impactointeligente.com.mx\/wp-content\/uploads\/2013\/03\/9-300x46.jpg 300w, https:\/\/www.impactointeligente.com.mx\/wp-content\/uploads\/2013\/03\/9-968x149.jpg 968w, https:\/\/www.impactointeligente.com.mx\/wp-content\/uploads\/2013\/03\/9-636x98.jpg 636w, https:\/\/www.impactointeligente.com.mx\/wp-content\/uploads\/2013\/03\/9-320x49.jpg 320w, https:\/\/www.impactointeligente.com.mx\/wp-content\/uploads\/2013\/03\/9-239x36.jpg 239w\" sizes=\"(max-width: 970px) 100vw, 970px\" \/><\/a><\/p>\n<\/li>\n<\/ul><\/div><\/div>\n<\/div><\/div>\n","protected":false},"excerpt":{"rendered":"","protected":false},"author":1,"featured_media":0,"parent":0,"menu_order":10,"comment_status":"closed","ping_status":"closed","template":"g1_template_page_full_sections.php","meta":[],"_links":{"self":[{"href":"https:\/\/www.impactointeligente.com.mx\/index.php?rest_route=\/wp\/v2\/pages\/124"}],"collection":[{"href":"https:\/\/www.impactointeligente.com.mx\/index.php?rest_route=\/wp\/v2\/pages"}],"about":[{"href":"https:\/\/www.impactointeligente.com.mx\/index.php?rest_route=\/wp\/v2\/types\/page"}],"author":[{"embeddable":true,"href":"https:\/\/www.impactointeligente.com.mx\/index.php?rest_route=\/wp\/v2\/users\/1"}],"replies":[{"embeddable":true,"href":"https:\/\/www.impactointeligente.com.mx\/index.php?rest_route=%2Fwp%2Fv2%2Fcomments&post=124"}],"version-history":[{"count":28,"href":"https:\/\/www.impactointeligente.com.mx\/index.php?rest_route=\/wp\/v2\/pages\/124\/revisions"}],"predecessor-version":[{"id":2104,"href":"https:\/\/www.impactointeligente.com.mx\/index.php?rest_route=\/wp\/v2\/pages\/124\/revisions\/2104"}],"wp:attachment":[{"href":"https:\/\/www.impactointeligente.com.mx\/index.php?rest_route=%2Fwp%2Fv2%2Fmedia&parent=124"}],"curies":[{"name":"wp","href":"https:\/\/api.w.org\/{rel}","templated":true}]}}